{"id":83,"date":"2026-01-16T15:48:20","date_gmt":"2026-01-16T15:48:20","guid":{"rendered":"https:\/\/tilmanbergt.de\/?page_id=83"},"modified":"2026-01-17T09:07:05","modified_gmt":"2026-01-17T09:07:05","slug":"conversation","status":"publish","type":"page","link":"https:\/\/tilmanbergt.de\/de\/conversation\/","title":{"rendered":"Lass uns reden"},"content":{"rendered":"<p>Dieses Gespr\u00e4ch ist ein Raum, um zu erkunden, ob eine Zusammenarbeit sinnvoll ist.<br>Es ist keine Verpflichtung \u2013 und kein Verkaufsgespr\u00e4ch.<\/p>\n\n\n\n<p>Wenn du gleichzeitig Neugier und Z\u00f6gern sp\u00fcrst, ist das hier willkommen. Es ist einfach ein erstes Gespr\u00e4ch, um zu pr\u00fcfen, ob es passt.<\/p>\n\n\n\n<p>W\u00e4hle einen Termin, der f\u00fcr dich passt.<\/p>\n\n\n\n<figure class=\"wp-block-image size-large is-resized\"><img loading=\"lazy\" decoding=\"async\" width=\"1024\" height=\"683\" src=\"https:\/\/tilmanbergt.de\/wp-content\/uploads\/2026\/01\/Kopie-von-R5M_5495-1024x683.jpg\" alt=\"\" class=\"wp-image-85\" style=\"width:517px;height:auto\" srcset=\"https:\/\/tilmanbergt.de\/wp-content\/uploads\/2026\/01\/Kopie-von-R5M_5495-1024x683.jpg 1024w, https:\/\/tilmanbergt.de\/wp-content\/uploads\/2026\/01\/Kopie-von-R5M_5495-300x200.jpg 300w, https:\/\/tilmanbergt.de\/wp-content\/uploads\/2026\/01\/Kopie-von-R5M_5495-768x512.jpg 768w, https:\/\/tilmanbergt.de\/wp-content\/uploads\/2026\/01\/Kopie-von-R5M_5495-1536x1025.jpg 1536w, https:\/\/tilmanbergt.de\/wp-content\/uploads\/2026\/01\/Kopie-von-R5M_5495-2048x1366.jpg 2048w\" sizes=\"auto, (max-width: 1024px) 100vw, 1024px\" \/><\/figure>\n\n\n<script type=\"text\/javascript\" src=\"https:\/\/www.coachaccountable.com\/offering\/SKuTwcYJFnkcz09BYTHDYRR5GMCQOsr\"><\/script>\n\n\n<p><\/p>","protected":false},"excerpt":{"rendered":"<p>This conversation is a space to explore whether working together makes sense.It\u2019s not a commitment, and it\u2019s not a sales call. If you feel both curiosity and hesitation, that\u2019s welcome here. This is simply a first conversation to explore fit. Choose a time that works for you.<\/p>","protected":false},"author":1,"featured_media":0,"parent":0,"menu_order":0,"comment_status":"closed","ping_status":"closed","template":"","meta":{"footnotes":""},"class_list":["post-83","page","type-page","status-publish","hentry"],"_links":{"self":[{"href":"https:\/\/tilmanbergt.de\/de\/wp-json\/wp\/v2\/pages\/83","targetHints":{"allow":["GET"]}}],"collection":[{"href":"https:\/\/tilmanbergt.de\/de\/wp-json\/wp\/v2\/pages"}],"about":[{"href":"https:\/\/tilmanbergt.de\/de\/wp-json\/wp\/v2\/types\/page"}],"author":[{"embeddable":true,"href":"https:\/\/tilmanbergt.de\/de\/wp-json\/wp\/v2\/users\/1"}],"replies":[{"embeddable":true,"href":"https:\/\/tilmanbergt.de\/de\/wp-json\/wp\/v2\/comments?post=83"}],"version-history":[{"count":4,"href":"https:\/\/tilmanbergt.de\/de\/wp-json\/wp\/v2\/pages\/83\/revisions"}],"predecessor-version":[{"id":152,"href":"https:\/\/tilmanbergt.de\/de\/wp-json\/wp\/v2\/pages\/83\/revisions\/152"}],"wp:attachment":[{"href":"https:\/\/tilmanbergt.de\/de\/wp-json\/wp\/v2\/media?parent=83"}],"curies":[{"name":"wp","href":"https:\/\/api.w.org\/{rel}","templated":true}]}}