{"id":8,"date":"2026-01-16T12:14:44","date_gmt":"2026-01-16T12:14:44","guid":{"rendered":"https:\/\/tilmanbergt.de\/?page_id=8"},"modified":"2026-01-17T13:54:48","modified_gmt":"2026-01-17T13:54:48","slug":"coaching","status":"publish","type":"page","link":"https:\/\/tilmanbergt.de\/de\/coaching\/","title":{"rendered":"Coaching - begegne dem was z\u00e4hlt"},"content":{"rendered":"<div class=\"wp-block-columns is-layout-flex wp-container-core-columns-is-layout-28f84493 wp-block-columns-is-layout-flex\">\n<div class=\"wp-block-column is-layout-flow wp-block-column-is-layout-flow\" style=\"flex-basis:100%\">\n<p>Lass mich etwas \u00fcber Coaching sagen.<\/p>\n\n\n\n<p>Coaching arbeitet gemeinsam mit deiner Essenz  und \u00fcbt Pr\u00e4senz mit allem, was im Moment da ist: Gedanken, Gef\u00fchle, Annahmen, Z\u00f6gern. Nicht, um sie zu bewerten oder gar zu korrigieren, sondern damit all dies Informationen liefert, wie sich das weiter entfalten kann, was dir am wichtigsten ist. <\/p>\n\n\n\n<p style=\"margin-top:var(--wp--preset--spacing--50);margin-bottom:var(--wp--preset--spacing--50)\"><em>Das braucht Gelassenheit und Fokus.<\/em><\/p>\n\n\n\n<div class=\"wp-block-columns is-layout-flex wp-container-core-columns-is-layout-28f84493 wp-block-columns-is-layout-flex\">\n<div class=\"wp-block-column is-layout-flow wp-block-column-is-layout-flow\">\n<p>So k\u00f6nnen Fragen nach Verantwortung und pers\u00f6nlicher Gestaltung ohne Druck Raum bekommen:<\/p>\n\n\n\n<p>\u2013  Dein Leben funktioniert \u2013 und f\u00fchlt sich doch leicht \u2018daneben\u2019 an.<br>- Du sp\u00fcrst einen wachsenden Abstand zwischen dem, was dir wichtig ist , und dem, wie du handelst.<br>\u2013 Du bist m\u00fcde, dich immer wieder anzupassen, w\u00e4hrend etwas Wesentliches vernachl\u00e4ssigt wird.<br>\u2013 Du sp\u00fcrst eine Wahrheit, um die du kreist \u2013 und zugleich z\u00f6gert du, ihr ganz zu begegnen.<\/p>\n\n\n\n<p> Die Konsequenzen deiner Art zu leben und zu handeln werden klarer \u2013 und du \u00fcbernimmst f\u00fcr sie Verantwortung.<\/p>\n<\/div>\n\n\n\n<div class=\"wp-block-column is-layout-flow wp-block-column-is-layout-flow\">\n<figure class=\"wp-block-image size-large\"><img loading=\"lazy\" decoding=\"async\" width=\"1024\" height=\"683\" src=\"https:\/\/tilmanbergt.de\/wp-content\/uploads\/2026\/01\/Kopie-von-R5M_5520-1024x683.jpg\" alt=\"\" class=\"wp-image-68\" srcset=\"https:\/\/tilmanbergt.de\/wp-content\/uploads\/2026\/01\/Kopie-von-R5M_5520-1024x683.jpg 1024w, https:\/\/tilmanbergt.de\/wp-content\/uploads\/2026\/01\/Kopie-von-R5M_5520-300x200.jpg 300w, https:\/\/tilmanbergt.de\/wp-content\/uploads\/2026\/01\/Kopie-von-R5M_5520-768x512.jpg 768w, https:\/\/tilmanbergt.de\/wp-content\/uploads\/2026\/01\/Kopie-von-R5M_5520-1536x1025.jpg 1536w, https:\/\/tilmanbergt.de\/wp-content\/uploads\/2026\/01\/Kopie-von-R5M_5520-2048x1366.jpg 2048w\" sizes=\"auto, (max-width: 1024px) 100vw, 1024px\" \/><\/figure>\n<\/div>\n<\/div>\n\n\n\n<p style=\"margin-top:var(--wp--preset--spacing--50);margin-bottom:var(--wp--preset--spacing--50)\"><em>Wenn diese Art zu sprechen dich aufrichtet \u2013 oder verwirrt, aber so, dass es dich anzieht \u2013, dann bist du hier richtig.<\/em><\/p>\n\n\n\n<p>Ich arbeite mit Menschen an einer existenziellen Schwelle<br>\u2013 auf der Suche nach einem Gegen\u00fcber, nicht nach einem Experten<br>jemandem, der bleibt<br>w\u00e4hrend sich der n\u00e4chste Schritt zeigt.<\/p>\n\n\n\n<p>Der Einstieg in diese Arbeit ist ein <a href=\"https:\/\/tilmanbergt.de\/de\/conversation\/\" data-type=\"page\" data-id=\"83\">Gespr\u00e4ch<\/a>.<\/p>\n<\/div>\n\n\n\n<div class=\"wp-block-column is-layout-flow wp-block-column-is-layout-flow\">\n<figure class=\"wp-block-image size-large\"><img loading=\"lazy\" decoding=\"async\" width=\"1024\" height=\"683\" src=\"https:\/\/tilmanbergt.de\/wp-content\/uploads\/2026\/01\/Kopie-von-R5M_5520-1024x683.jpg\" alt=\"\" class=\"wp-image-68\" srcset=\"https:\/\/tilmanbergt.de\/wp-content\/uploads\/2026\/01\/Kopie-von-R5M_5520-1024x683.jpg 1024w, https:\/\/tilmanbergt.de\/wp-content\/uploads\/2026\/01\/Kopie-von-R5M_5520-300x200.jpg 300w, https:\/\/tilmanbergt.de\/wp-content\/uploads\/2026\/01\/Kopie-von-R5M_5520-768x512.jpg 768w, https:\/\/tilmanbergt.de\/wp-content\/uploads\/2026\/01\/Kopie-von-R5M_5520-1536x1025.jpg 1536w, https:\/\/tilmanbergt.de\/wp-content\/uploads\/2026\/01\/Kopie-von-R5M_5520-2048x1366.jpg 2048w\" sizes=\"auto, (max-width: 1024px) 100vw, 1024px\" \/><\/figure>\n<\/div>\n<\/div>\n\n\n\n<p><\/p>","protected":false},"excerpt":{"rendered":"<p>Let me say something about coaching. Coaching partners with what is essential in you and stays present with what is here in the moment: thoughts, emotions, assumptions, hesitations. Not to judge or correct them, but to let them inform how to unfold what matters most to you. This is not something to rush. From there, [&hellip;]<\/p>\n","protected":false},"author":1,"featured_media":0,"parent":0,"menu_order":0,"comment_status":"closed","ping_status":"closed","template":"","meta":{"footnotes":""},"class_list":["post-8","page","type-page","status-publish","hentry"],"_links":{"self":[{"href":"https:\/\/tilmanbergt.de\/de\/wp-json\/wp\/v2\/pages\/8","targetHints":{"allow":["GET"]}}],"collection":[{"href":"https:\/\/tilmanbergt.de\/de\/wp-json\/wp\/v2\/pages"}],"about":[{"href":"https:\/\/tilmanbergt.de\/de\/wp-json\/wp\/v2\/types\/page"}],"author":[{"embeddable":true,"href":"https:\/\/tilmanbergt.de\/de\/wp-json\/wp\/v2\/users\/1"}],"replies":[{"embeddable":true,"href":"https:\/\/tilmanbergt.de\/de\/wp-json\/wp\/v2\/comments?post=8"}],"version-history":[{"count":136,"href":"https:\/\/tilmanbergt.de\/de\/wp-json\/wp\/v2\/pages\/8\/revisions"}],"predecessor-version":[{"id":248,"href":"https:\/\/tilmanbergt.de\/de\/wp-json\/wp\/v2\/pages\/8\/revisions\/248"}],"wp:attachment":[{"href":"https:\/\/tilmanbergt.de\/de\/wp-json\/wp\/v2\/media?parent=8"}],"curies":[{"name":"wp","href":"https:\/\/api.w.org\/{rel}","templated":true}]}}