{"id":250,"date":"2026-01-17T23:41:40","date_gmt":"2026-01-17T23:41:40","guid":{"rendered":"https:\/\/tilmanbergt.de\/?page_id=250"},"modified":"2026-01-17T23:53:37","modified_gmt":"2026-01-17T23:53:37","slug":"my-ground","status":"publish","type":"page","link":"https:\/\/tilmanbergt.de\/de\/my-ground\/","title":{"rendered":"Meine Basis"},"content":{"rendered":"<p>Vieles in meinem Leben und meiner Arbeit hat sich in Momenten entfaltet, in denen der Weg nach vorn noch nicht klar war \u2013 aber ein Weitermachen wie bisher nicht mehr m\u00f6glich.<\/p>\n\n\n\n<p>Ich wollte in neue Formen von Verantwortung hineinwachsen \u2013 in meiner Arbeit, in meinen Beziehungen, in meiner Haltung \u2013, ohne zu wissen, wie das geht, oder den Mut zu haben, es einfach auszuprobieren.<\/p>\n\n\n\n<p>Mit der Zeit habe ich verstanden, dass diese Grenzen mich nicht in erster Linie herausforderten, sie zu \u00fcberschreiten, sondern bei ihnen zu bleiben \u2013 pr\u00e4sent zu sein bei dem, was sich formte, auch wenn es sich ungesch\u00fctzt, unsicher oder unfertig anf\u00fchlte.<\/p>\n\n\n\n<p>Diese Haltung hat sich in unterschiedlichen Bereichen meines Lebens gebildet: darin, Coach zu werden, mit anderen zu arbeiten und eine verbindliche Partnerschaft einzugehen und zu tragen.<\/p>\n\n\n\n<p>Diese Arbeit steht in Traditionslinien, die mich gelehrt haben, mehr auf Pr\u00e4senz zu vertrauen als auf Erkl\u00e4rungen \u2013 und mehr auf Verantwortung als auf Technik. Dies beruht auf Begegnungen mit Menschen, die mir erm\u00f6glicht haben, diese Haltung zu erlernen und ihr zu vertrauen. Ich \u00fcbe diese Arbeit in Dankbarkeit f\u00fcr sie aus und m\u00f6chte das, was sie in die Welt gebracht haben, damit unterst\u00fctzen.<\/p>\n\n\n\n<p>Von diesem Ort aus begleite ich andere.<\/p>\n\n\n\n<p><\/p>\n\n\n\n<p><\/p>\n\n\n\n<p>Du erreichst mich unter: <a href=\"mailto:tilman@tilmanbergt.de\">tilman@tilmanbergt.de<\/a><\/p>","protected":false},"excerpt":{"rendered":"<p>Much of my life and work has unfolded at moments where the way forward was not yet clear, but continuing as before was no longer possible. I wanted to step into new forms of responsibility \u2014 in my work, in how I relate, in how I stand \u2014 without yet knowing how to do that [&hellip;]<\/p>\n","protected":false},"author":1,"featured_media":0,"parent":0,"menu_order":0,"comment_status":"closed","ping_status":"closed","template":"","meta":{"footnotes":""},"class_list":["post-250","page","type-page","status-publish","hentry"],"_links":{"self":[{"href":"https:\/\/tilmanbergt.de\/de\/wp-json\/wp\/v2\/pages\/250","targetHints":{"allow":["GET"]}}],"collection":[{"href":"https:\/\/tilmanbergt.de\/de\/wp-json\/wp\/v2\/pages"}],"about":[{"href":"https:\/\/tilmanbergt.de\/de\/wp-json\/wp\/v2\/types\/page"}],"author":[{"embeddable":true,"href":"https:\/\/tilmanbergt.de\/de\/wp-json\/wp\/v2\/users\/1"}],"replies":[{"embeddable":true,"href":"https:\/\/tilmanbergt.de\/de\/wp-json\/wp\/v2\/comments?post=250"}],"version-history":[{"count":9,"href":"https:\/\/tilmanbergt.de\/de\/wp-json\/wp\/v2\/pages\/250\/revisions"}],"predecessor-version":[{"id":260,"href":"https:\/\/tilmanbergt.de\/de\/wp-json\/wp\/v2\/pages\/250\/revisions\/260"}],"wp:attachment":[{"href":"https:\/\/tilmanbergt.de\/de\/wp-json\/wp\/v2\/media?parent=250"}],"curies":[{"name":"wp","href":"https:\/\/api.w.org\/{rel}","templated":true}]}}